{"id":3788,"date":"2022-01-08T17:31:55","date_gmt":"2022-01-08T16:31:55","guid":{"rendered":"https:\/\/www.detourrel.com\/cave-a-vin\/"},"modified":"2025-12-12T18:18:52","modified_gmt":"2025-12-12T17:18:52","slug":"cave-a-vin","status":"publish","type":"page","link":"https:\/\/www.detourrel.com\/fr\/cave-a-vin\/","title":{"rendered":"Cave \u00e0 vin"},"content":{"rendered":"<p>[et_pb_section fb_built=\u00a0\u00bb1&Prime; custom_padding_last_edited=\u00a0\u00bbon|desktop\u00a0\u00bb _builder_version=\u00a0\u00bb4.22.1&Prime; _module_preset=\u00a0\u00bbdefault\u00a0\u00bb background_color=\u00a0\u00bb#f6f6f6&Prime; custom_margin=\u00a0\u00bb||||false|false\u00a0\u00bb custom_padding=\u00a0\u00bb30px|200px|30px|30px|true|false\u00a0\u00bb custom_padding_tablet=\u00a0\u00bb|30px||30px|true|true\u00a0\u00bb custom_padding_phone=\u00a0\u00bb30px||30px||true|true\u00a0\u00bb animation_style=\u00a0\u00bbfade\u00a0\u00bb global_colors_info=\u00a0\u00bb{}\u00a0\u00bb][et_pb_row column_structure=\u00a0\u00bb1_2,1_2&Prime; _builder_version=\u00a0\u00bb4.19.2&Prime; _module_preset=\u00a0\u00bbdefault\u00a0\u00bb custom_padding=\u00a0\u00bb0px|0px|0px|0px|false|false\u00a0\u00bb global_colors_info=\u00a0\u00bb{}\u00a0\u00bb][et_pb_column type=\u00a0\u00bb1_2&Prime; _builder_version=\u00a0\u00bb4.19.2&Prime; _module_preset=\u00a0\u00bbdefault\u00a0\u00bb global_colors_info=\u00a0\u00bb{}\u00a0\u00bb][et_pb_image src=\u00a0\u00bbhttps:\/\/www.detourrel.com\/wp-content\/uploads\/2015\/07\/image_detourrel_winebar_081.jpg\u00a0\u00bb title_text=\u00a0\u00bbimage_detourrel_winebar_08&Prime; show_bottom_space=\u00a0\u00bboff\u00a0\u00bb _builder_version=\u00a0\u00bb4.19.2&Prime; _module_preset=\u00a0\u00bbdefault\u00a0\u00bb custom_margin=\u00a0\u00bb||30px||false|false\u00a0\u00bb global_colors_info=\u00a0\u00bb{}\u00a0\u00bb][\/et_pb_image][et_pb_text _builder_version=\u00a0\u00bb4.27.4&Prime; _module_preset=\u00a0\u00bbdefault\u00a0\u00bb text_text_color=\u00a0\u00bb#7A7A7A\u00a0\u00bb custom_margin=\u00a0\u00bb||30px||false|false\u00a0\u00bb custom_padding=\u00a0\u00bb||||false|false\u00a0\u00bb global_colors_info=\u00a0\u00bb{}\u00a0\u00bb]<\/p>\n<p>Comme le dit un vigneron mythique, le vin est fait pour \u00eatre bu et partag\u00e9 \u00e0 plusieurs.<\/p>\n<p>En ce sens, nous avons cr\u00e9\u00e9 un espace o\u00f9 les amateurs de vin peuvent se retrouver. Certaines de nos 1.400 r\u00e9f\u00e9rences issues des meilleurs terroirs d\u2019Europe \u00e9tant tr\u00e8s rares, elles sont exclusivement r\u00e9serv\u00e9es \u00e0 nos restaurants.<\/p>\n<p>[\/et_pb_text][\/et_pb_column][et_pb_column type=\u00a0\u00bb1_2&Prime; _builder_version=\u00a0\u00bb4.19.2&Prime; _module_preset=\u00a0\u00bbdefault\u00a0\u00bb global_colors_info=\u00a0\u00bb{}\u00a0\u00bb][et_pb_text _builder_version=\u00a0\u00bb4.22.1&Prime; _module_preset=\u00a0\u00bbdefault\u00a0\u00bb text_text_color=\u00a0\u00bb#7A7A7A\u00a0\u00bb custom_margin=\u00a0\u00bb||30px||false|false\u00a0\u00bb custom_padding=\u00a0\u00bb||||false|false\u00a0\u00bb global_colors_info=\u00a0\u00bb{}\u00a0\u00bb]<\/p>\n<p>A la fermeture du magasin, la cave peut \u00eatre privatis\u00e9 pour vous accueillir dans un cadre exclusif pour un d\u00eener en toute intimit\u00e9 accompagn\u00e9 de notre s\u00e9lection de vin compl\u00e8te, jusqu\u2019\u00e0 12 personnes.<\/p>\n<p>Contactez-nous pour plus d\u2019information sur votre \u00e9v\u00e8nement priv\u00e9 \u00e0 la Cave au <a href=\"tel:0033484350720\">+33 (0)4 84 35 07 20.<\/a><\/p>\n<p>[\/et_pb_text][et_pb_image src=\u00a0\u00bbhttps:\/\/www.detourrel.com\/wp-content\/uploads\/2025\/05\/hdt-wine-1.jpg\u00a0\u00bb title_text=\u00a0\u00bbhdt-wine-1&Prime; show_bottom_space=\u00a0\u00bboff\u00a0\u00bb _builder_version=\u00a0\u00bb4.27.4&Prime; _module_preset=\u00a0\u00bbdefault\u00a0\u00bb custom_margin=\u00a0\u00bb||30px||false|false\u00a0\u00bb global_colors_info=\u00a0\u00bb{}\u00a0\u00bb][\/et_pb_image][\/et_pb_column][\/et_pb_row][\/et_pb_section]<\/p>\n","protected":false},"excerpt":{"rendered":"<p>Comme le dit un vigneron mythique, le vin est fait pour \u00eatre bu et partag\u00e9 \u00e0 plusieurs. En ce sens, nous avons cr\u00e9\u00e9 un espace o\u00f9 les amateurs de vin peuvent se retrouver. Certaines de nos 1.400 r\u00e9f\u00e9rences issues des meilleurs terroirs d\u2019Europe \u00e9tant tr\u00e8s rares, elles sont exclusivement r\u00e9serv\u00e9es \u00e0 nos restaurants.A la fermeture [&hellip;]<\/p>\n","protected":false},"author":8,"featured_media":0,"parent":0,"menu_order":6,"comment_status":"closed","ping_status":"closed","template":"","meta":{"_et_pb_use_builder":"on","_et_pb_old_content":"","_et_gb_content_width":"","footnotes":""},"class_list":["post-3788","page","type-page","status-publish","hentry"],"_links":{"self":[{"href":"https:\/\/www.detourrel.com\/fr\/wp-json\/wp\/v2\/pages\/3788","targetHints":{"allow":["GET"]}}],"collection":[{"href":"https:\/\/www.detourrel.com\/fr\/wp-json\/wp\/v2\/pages"}],"about":[{"href":"https:\/\/www.detourrel.com\/fr\/wp-json\/wp\/v2\/types\/page"}],"author":[{"embeddable":true,"href":"https:\/\/www.detourrel.com\/fr\/wp-json\/wp\/v2\/users\/8"}],"replies":[{"embeddable":true,"href":"https:\/\/www.detourrel.com\/fr\/wp-json\/wp\/v2\/comments?post=3788"}],"version-history":[{"count":29,"href":"https:\/\/www.detourrel.com\/fr\/wp-json\/wp\/v2\/pages\/3788\/revisions"}],"predecessor-version":[{"id":6670,"href":"https:\/\/www.detourrel.com\/fr\/wp-json\/wp\/v2\/pages\/3788\/revisions\/6670"}],"wp:attachment":[{"href":"https:\/\/www.detourrel.com\/fr\/wp-json\/wp\/v2\/media?parent=3788"}],"curies":[{"name":"wp","href":"https:\/\/api.w.org\/{rel}","templated":true}]}}