{"id":6382,"date":"2025-04-18T19:32:28","date_gmt":"2025-04-18T17:32:28","guid":{"rendered":"https:\/\/www.detourrel.com\/restaurant\/"},"modified":"2026-04-15T16:09:18","modified_gmt":"2026-04-15T14:09:18","slug":"restaurant","status":"publish","type":"page","link":"https:\/\/www.detourrel.com\/fr\/restaurant\/","title":{"rendered":"La Table"},"content":{"rendered":"<p>[et_pb_section fb_built=\u00a0\u00bb1&Prime; custom_padding_last_edited=\u00a0\u00bbon|desktop\u00a0\u00bb _builder_version=\u00a0\u00bb4.27.5&Prime; _module_preset=\u00a0\u00bbdefault\u00a0\u00bb background_color=\u00a0\u00bb#f6f6f6&Prime; min_height=\u00a0\u00bb100vh\u00a0\u00bb custom_margin=\u00a0\u00bb||||false|false\u00a0\u00bb custom_padding=\u00a0\u00bb30px|200px|100px|30px|false|false\u00a0\u00bb custom_padding_tablet=\u00a0\u00bb30px|30px|30px||true|false\u00a0\u00bb custom_padding_phone=\u00a0\u00bb30px|30px|30px|30px|true|true\u00a0\u00bb animation_style=\u00a0\u00bbfade\u00a0\u00bb global_colors_info=\u00a0\u00bb{}\u00a0\u00bb][et_pb_row column_structure=\u00a0\u00bb1_2,1_2&Prime; _builder_version=\u00a0\u00bb4.27.4&Prime; _module_preset=\u00a0\u00bbdefault\u00a0\u00bb custom_margin=\u00a0\u00bb||30px||false|false\u00a0\u00bb custom_padding=\u00a0\u00bb0px|0px|0px|0px|false|false\u00a0\u00bb global_colors_info=\u00a0\u00bb{}\u00a0\u00bb][et_pb_column type=\u00a0\u00bb1_2&Prime; _builder_version=\u00a0\u00bb4.27.4&Prime; _module_preset=\u00a0\u00bbdefault\u00a0\u00bb custom_css_main_element=\u00a0\u00bbmax-width:450px;\u00a0\u00bb global_colors_info=\u00a0\u00bb{}\u00a0\u00bb custom_css_main_element_last_edited=\u00a0\u00bbon|phone\u00a0\u00bb custom_css_main_element_tablet=\u00a0\u00bbmax-width:none;\u00a0\u00bb custom_css_main_element_phone=\u00a0\u00bbmax-width:none;\u00a0\u00bb][et_pb_image src=\u00a0\u00bbhttps:\/\/www.detourrel.com\/wp-content\/uploads\/2025\/12\/ES_Th_Cavasin_Esstisch_beschnitten_3_N-web.jpg\u00a0\u00bb title_text=\u00a0\u00bbES_Th_Cavasin_Esstisch_beschnitten_3_N-web\u00a0\u00bb show_bottom_space=\u00a0\u00bboff\u00a0\u00bb _builder_version=\u00a0\u00bb4.27.5&Prime; _module_preset=\u00a0\u00bbdefault\u00a0\u00bb custom_margin=\u00a0\u00bb||30px||false|false\u00a0\u00bb custom_margin_tablet=\u00a0\u00bb||20px||false|false\u00a0\u00bb custom_margin_phone=\u00a0\u00bb||20px||false|false\u00a0\u00bb custom_margin_last_edited=\u00a0\u00bboff|phone\u00a0\u00bb hover_enabled=\u00a0\u00bb0&Prime; global_colors_info=\u00a0\u00bb{}\u00a0\u00bb sticky_enabled=\u00a0\u00bb0&Prime;][\/et_pb_image][et_pb_text _builder_version=\u00a0\u00bb4.27.5&Prime; _module_preset=\u00a0\u00bbdefault\u00a0\u00bb text_text_color=\u00a0\u00bb#7A7A7A\u00a0\u00bb custom_padding=\u00a0\u00bb||||false|false\u00a0\u00bb hover_enabled=\u00a0\u00bb0&Prime; global_colors_info=\u00a0\u00bb{}\u00a0\u00bb sticky_enabled=\u00a0\u00bb0&Prime; custom_margin=\u00a0\u00bb||30px||false|false\u00a0\u00bb]<\/p>\n<p>Nich\u00e9e au c\u0153ur des Alpilles se trouve l\u2019essence de l\u2019art de vivre proven\u00e7al \u2013 la convivialit\u00e9, la gourmandise et les saveurs ensoleill\u00e9es. Puisant son inspiration dans notre r\u00e9gion embl\u00e9matique, notre Chef Thomas Cavasin vous invite \u00e0 partager une exp\u00e9rience culinaire \u00e0 travers son menu qui raconte l\u2019histoire du terroir ainsi que celle de Mathieu, notre p\u00eacheur Camarguais, d\u2019Aur\u00e9lien, le jardinier de notre potager, et de nos incontournables agriculteurs locaux.<\/p>\n<p>[\/et_pb_text][et_pb_image src=\u00a0\u00bbhttps:\/\/www.detourrel.com\/wp-content\/uploads\/2026\/04\/IMG_6528_KORR_geraendert-Kopie.webp\u00a0\u00bb title_text=\u00a0\u00bbIMG_6528_KORR_geraendert Kopie\u00a0\u00bb show_bottom_space=\u00a0\u00bboff\u00a0\u00bb _builder_version=\u00a0\u00bb4.27.5&Prime; _module_preset=\u00a0\u00bbdefault\u00a0\u00bb custom_margin=\u00a0\u00bb||30px||false|false\u00a0\u00bb custom_margin_tablet=\u00a0\u00bb||20px||false|false\u00a0\u00bb custom_margin_phone=\u00a0\u00bb||20px||false|false\u00a0\u00bb custom_margin_last_edited=\u00a0\u00bboff|phone\u00a0\u00bb global_colors_info=\u00a0\u00bb{}\u00a0\u00bb][\/et_pb_image][\/et_pb_column][et_pb_column type=\u00a0\u00bb1_2&Prime; module_class=\u00a0\u00bbs7-inline-buttons\u00a0\u00bb _builder_version=\u00a0\u00bb4.27.4&Prime; _module_preset=\u00a0\u00bbdefault\u00a0\u00bb custom_css_main_element=\u00a0\u00bbmax-width:500px;\u00a0\u00bb global_colors_info=\u00a0\u00bb{}\u00a0\u00bb custom_css_main_element_last_edited=\u00a0\u00bbon|phone\u00a0\u00bb custom_css_main_element_tablet=\u00a0\u00bbmax-width:none;\u00a0\u00bb custom_css_main_element_phone=\u00a0\u00bbmax-width:none;\u00a0\u00bb][et_pb_button button_url=\u00a0\u00bbhttps:\/\/www.detourrel.com\/wp-content\/uploads\/2025\/05\/La-Table-de-Tourrel-Avril-2026.pdf\u00a0\u00bb url_new_window=\u00a0\u00bbon\u00a0\u00bb button_text=\u00a0\u00bbVoir le menu\u00a0\u00bb admin_label=\u00a0\u00bbMenu Button\u00a0\u00bb _builder_version=\u00a0\u00bb4.27.5&Prime; _module_preset=\u00a0\u00bbdefault\u00a0\u00bb custom_margin=\u00a0\u00bb|20px|20px||false|false\u00a0\u00bb custom_padding=\u00a0\u00bb5px|5px|5px|5px|true|true\u00a0\u00bb custom_padding_tablet=\u00a0\u00bb5px||5px||true|true\u00a0\u00bb custom_padding_phone=\u00a0\u00bb|10px||10px|true|true\u00a0\u00bb custom_padding_last_edited=\u00a0\u00bboff|phone\u00a0\u00bb custom_css_main_element=\u00a0\u00bbwidth:147px;||text-align:center;\u00a0\u00bb saved_tabs=\u00a0\u00bball\u00a0\u00bb locked=\u00a0\u00bboff\u00a0\u00bb global_colors_info=\u00a0\u00bb{}\u00a0\u00bb custom_css_main_element_last_edited=\u00a0\u00bbon|phone\u00a0\u00bb custom_css_main_element_phone=\u00a0\u00bbwidth:85vw;||text-align:center;\u00a0\u00bb custom_css_main_element_tablet=\u00a0\u00bbwidth:130px;||text-align:center;\u00a0\u00bb][\/et_pb_button][et_pb_button button_url=\u00a0\u00bbhttps:\/\/www.tripadvisor.fr\/Restaurant_Review-g187256-d7101043-Reviews-La_Table_De_Tourrel-Saint_Remy_de_Provence_Bouches_du_Rhone_Provence_Alpes_Cote_d.html\u00a0\u00bb url_new_window=\u00a0\u00bbon\u00a0\u00bb button_text=\u00a0\u00bbVoir les avis\u00a0\u00bb admin_label=\u00a0\u00bbReviews Button\u00a0\u00bb _builder_version=\u00a0\u00bb4.27.5&Prime; _module_preset=\u00a0\u00bbdefault\u00a0\u00bb custom_margin=\u00a0\u00bb|20px|20px||false|false\u00a0\u00bb custom_padding=\u00a0\u00bb5px|5px|5px|5px|true|true\u00a0\u00bb custom_padding_tablet=\u00a0\u00bb5px||5px||true|true\u00a0\u00bb custom_padding_phone=\u00a0\u00bb|10px||10px|true|true\u00a0\u00bb custom_padding_last_edited=\u00a0\u00bboff|phone\u00a0\u00bb custom_css_main_element=\u00a0\u00bbwidth:147px;||text-align:center;\u00a0\u00bb saved_tabs=\u00a0\u00bball\u00a0\u00bb locked=\u00a0\u00bboff\u00a0\u00bb global_colors_info=\u00a0\u00bb{}\u00a0\u00bb custom_css_main_element_last_edited=\u00a0\u00bbon|phone\u00a0\u00bb custom_css_main_element_phone=\u00a0\u00bbwidth:85vw;||text-align:center;\u00a0\u00bb custom_css_main_element_tablet=\u00a0\u00bbwidth:130px;||text-align:center;\u00a0\u00bb][\/et_pb_button][et_pb_text _builder_version=\u00a0\u00bb4.27.5&Prime; _module_preset=\u00a0\u00bbdefault\u00a0\u00bb text_text_color=\u00a0\u00bb#7A7A7A\u00a0\u00bb custom_margin=\u00a0\u00bb||30px||false|false\u00a0\u00bb custom_padding=\u00a0\u00bb||||false|false\u00a0\u00bb global_colors_info=\u00a0\u00bb{}\u00a0\u00bb]<\/p>\n<p>C\u00f4t\u00e9 vins, nous vous proposons une carte des vins comprenant 1.400 \u00e9tiquettes, mettant l\u2019accent sur les grands crus du Sud de la France, de la vall\u00e9e du Rh\u00f4ne et de la Bourgogne.<\/p>\n<p>On acc\u00e8de \u00e0 La Table de Tourrel par une impasse avec une belle porte d&rsquo;entr\u00e9e du XVIIe si\u00e8cle et par un escalier majestueux menant \u00e0 la table situ\u00e9e au premier \u00e9tage de la maison.<\/p>\n<p>D\u00eener du mardi au samedi, ferm\u00e9 le dimanche et le lundi<br \/>R\u00e9servations entre 19h30 et 20h30<\/p>\n<p>R\u00e9servations au <a href=\"tel:004933484350720\">+33 (0)4 84 35 07 20<\/a> ou <a href=\"mailto:reservation@detourrel.com\" target=\"_blank\" rel=\"noopener\">reservation@detourrel.com<\/a><\/p>\n<p>[\/et_pb_text][et_pb_image src=\u00a0\u00bbhttps:\/\/www.detourrel.com\/wp-content\/uploads\/2026\/03\/Dish.jpg\u00a0\u00bb alt=\u00a0\u00bbKulinarik\u00a0\u00bb title_text=\u00a0\u00bbDish\u00a0\u00bb show_bottom_space=\u00a0\u00bboff\u00a0\u00bb _builder_version=\u00a0\u00bb4.27.5&Prime; _module_preset=\u00a0\u00bbdefault\u00a0\u00bb custom_margin=\u00a0\u00bb||30px||false|false\u00a0\u00bb global_colors_info=\u00a0\u00bb{}\u00a0\u00bb][\/et_pb_image][\/et_pb_column][\/et_pb_row][\/et_pb_section]<\/p>\n","protected":false},"excerpt":{"rendered":"<p>Nich\u00e9e au c\u0153ur des Alpilles se trouve l\u2019essence de l\u2019art de vivre proven\u00e7al \u2013 la convivialit\u00e9, la gourmandise et les saveurs ensoleill\u00e9es. Puisant son inspiration dans notre r\u00e9gion embl\u00e9matique, notre Chef Thomas Cavasin vous invite \u00e0 partager une exp\u00e9rience culinaire \u00e0 travers son menu qui raconte l\u2019histoire du terroir ainsi que celle de Mathieu, notre [&hellip;]<\/p>\n","protected":false},"author":8,"featured_media":0,"parent":0,"menu_order":4,"comment_status":"closed","ping_status":"closed","template":"","meta":{"_et_pb_use_builder":"on","_et_pb_old_content":"","_et_gb_content_width":"","footnotes":""},"class_list":["post-6382","page","type-page","status-publish","hentry"],"_links":{"self":[{"href":"https:\/\/www.detourrel.com\/fr\/wp-json\/wp\/v2\/pages\/6382","targetHints":{"allow":["GET"]}}],"collection":[{"href":"https:\/\/www.detourrel.com\/fr\/wp-json\/wp\/v2\/pages"}],"about":[{"href":"https:\/\/www.detourrel.com\/fr\/wp-json\/wp\/v2\/types\/page"}],"author":[{"embeddable":true,"href":"https:\/\/www.detourrel.com\/fr\/wp-json\/wp\/v2\/users\/8"}],"replies":[{"embeddable":true,"href":"https:\/\/www.detourrel.com\/fr\/wp-json\/wp\/v2\/comments?post=6382"}],"version-history":[{"count":63,"href":"https:\/\/www.detourrel.com\/fr\/wp-json\/wp\/v2\/pages\/6382\/revisions"}],"predecessor-version":[{"id":7023,"href":"https:\/\/www.detourrel.com\/fr\/wp-json\/wp\/v2\/pages\/6382\/revisions\/7023"}],"wp:attachment":[{"href":"https:\/\/www.detourrel.com\/fr\/wp-json\/wp\/v2\/media?parent=6382"}],"curies":[{"name":"wp","href":"https:\/\/api.w.org\/{rel}","templated":true}]}}